{"id":11,"date":"2024-07-01T05:45:47","date_gmt":"2024-07-01T05:45:47","guid":{"rendered":"https:\/\/punjabi-gmbh.de\/?page_id=11"},"modified":"2026-02-01T17:51:28","modified_gmt":"2026-02-01T17:51:28","slug":"about-us","status":"publish","type":"page","link":"https:\/\/punjabi-gmbh.de\/de\/about-us","title":{"rendered":"\u00dcber uns"},"content":{"rendered":"<div data-elementor-type=\"wp-page\" data-elementor-id=\"11\" class=\"elementor elementor-11\" data-elementor-post-type=\"page\">\n\t\t\t\t<div class=\"elementor-element elementor-element-5acb93f e-con-full e-flex e-con e-parent\" data-id=\"5acb93f\" data-element_type=\"container\">\n\t\t\t\t<div class=\"elementor-element elementor-element-9a6e3c2 elementor-widget elementor-widget-shortcode\" data-id=\"9a6e3c2\" data-element_type=\"widget\" data-widget_type=\"shortcode.default\">\n\t\t\t\t\t\t\t<div class=\"elementor-shortcode\">\t\t<div data-elementor-type=\"container\" data-elementor-id=\"360\" class=\"elementor elementor-360\" data-elementor-post-type=\"elementor_library\">\n\t\t\t\t<div class=\"elementor-element elementor-element-4096aed9 e-flex e-con-boxed e-con e-parent\" data-id=\"4096aed9\" data-element_type=\"container\" data-settings=\"{&quot;background_background&quot;:&quot;classic&quot;}\">\n\t\t\t\t\t<div class=\"e-con-inner\">\n\t\t\t\t\t<\/div>\n\t\t\t\t<\/div>\n\t\t\t\t<\/div>\n\t\t<\/div>\n\t\t\t\t\t\t<\/div>\n\t\t\t\t<\/div>\n\t\t<div class=\"elementor-element elementor-element-d509d0f e-flex e-con-boxed e-con e-parent\" data-id=\"d509d0f\" data-element_type=\"container\">\n\t\t\t\t\t<div class=\"e-con-inner\">\n\t\t<div class=\"elementor-element elementor-element-e50d500 e-con-full e-flex e-con e-child\" data-id=\"e50d500\" data-element_type=\"container\">\n\t\t\t\t<div class=\"elementor-element elementor-element-0eee313 elementor-widget elementor-widget-image\" data-id=\"0eee313\" data-element_type=\"widget\" data-widget_type=\"image.default\">\n\t\t\t\t\t\t\t\t\t\t\t\t\t\t\t<img fetchpriority=\"high\" decoding=\"async\" width=\"800\" height=\"640\" src=\"https:\/\/punjabi-gmbh.de\/wp-content\/uploads\/2024\/07\/about.webp\" class=\"attachment-large size-large wp-image-248\" alt=\"\" \/>\t\t\t\t\t\t\t\t\t\t\t\t\t\t\t<\/div>\n\t\t\t\t<\/div>\n\t\t<div class=\"elementor-element elementor-element-33562d0 e-con-full e-flex e-con e-child\" data-id=\"33562d0\" data-element_type=\"container\">\n\t\t\t\t<div class=\"elementor-element elementor-element-01a9a75 elementor-widget elementor-widget-text-editor\" data-id=\"01a9a75\" data-element_type=\"widget\" data-widget_type=\"text-editor.default\">\n\t\t\t\t\t\t\t\t\t<div class=\"Y3BBE\" style=\"font-family: 'Google Sans', Arial, sans-serif; font-size: 16px; line-height: 24px; overflow-wrap: break-word; margin-block: 12px 16px; color: #0a0a0a;\" data-sfc-cp=\"\" data-hveid=\"CAEIAhAA\" data-processed=\"true\" data-complete=\"true\">Welcome to&nbsp;<span class=\"Yjhzub\" style=\"font-weight: bold;\" data-complete=\"true\" data-processed=\"true\">Punjabi Foods Trading GmbH<\/span>, your expert partner for authentic international flavors based in&nbsp;<span class=\"Yjhzub\" style=\"font-weight: bold;\" data-complete=\"true\" data-processed=\"true\">Munich<\/span>. Since 1999, we have specialized in the distribution of high-quality food products across southern Germany and Austria.<span class=\"uJ19be notranslate\" data-wiz-uids=\"rd8LA_f,rd8LA_g\" data-complete=\"true\" data-processed=\"true\"><span class=\"vKEkVd\" style=\"text-wrap-mode: nowrap; position: relative;\" data-animation-atomic=\"\" data-wiz-attrbind=\"class=rd8LA_e\/TKHnVd\" data-sae=\"\">&nbsp;<button class=\"rBl3me\" style=\"margin-right: 6px; background-color: #e9ebf0; border-radius: 10px; height: 20px; padding: 0px; width: 20px; outline: 0px; border: initial none initial;\" tabindex=\"0\" data-amic=\"true\" data-icl-uuid=\"df19a497-d2f1-4ba8-93ef-78d2097588f7\" aria-label=\"View related links\" data-wiz-attrbind=\"disabled=rd8LA_e\/C5gNJc;aria-label=rd8LA_e\/bOjMyf;class=rd8LA_e\/UpSNec\" data-ved=\"2ahUKEwjIy9KZ67iSAxUPzAIHHRQVCl0Qye0OegYIAQgCEAE\"><\/button><\/span><\/span><\/div>\n<div class=\"Y3BBE\" style=\"font-family: 'Google Sans', Arial, sans-serif; font-size: 16px; line-height: 24px; overflow-wrap: break-word; margin-block: 12px 16px; color: #0a0a0a;\" data-sfc-cp=\"\" data-hveid=\"CAEIAxAA\" data-processed=\"true\" data-complete=\"true\">Our range of services and specialties includes:<button class=\"rBl3me\" style=\"margin-right: 6px; background-color: #e9ebf0; border-radius: 10px; height: 20px; padding: 0px; width: 20px; outline: 0px; border: initial none initial;\" tabindex=\"0\" data-amic=\"true\" data-icl-uuid=\"3dede5f9-17df-4041-90a7-b6e75638e97b\" aria-label=\"View related links\" data-wiz-attrbind=\"disabled=rd8LA_m\/C5gNJc;aria-label=rd8LA_m\/bOjMyf;class=rd8LA_m\/UpSNec\" data-ved=\"2ahUKEwjIy9KZ67iSAxUPzAIHHRQVCl0Qye0OegYIAQgDEAE\"><\/button><\/div>\n<ul class=\"KsbFXc U6u95\" style=\"margin: 0px; padding: 0px; margin-block: 12px 16px; font-family: 'Google Sans', Arial, sans-serif; font-size: 16px; line-height: 24px; padding-inline-start: 16px; color: #0a0a0a; background-color: #ffffff;\" data-complete=\"true\" data-processed=\"true\">\n<li style=\"margin: 0px 0px 12px; padding: 0px; list-style: disc; padding-inline-start: 4px;\" data-hveid=\"CAEIBBAA\" data-complete=\"true\" data-sae=\"\"><span class=\"T286Pc\" style=\"overflow-wrap: break-word;\" data-sfc-cp=\"\" data-complete=\"true\"><span class=\"Yjhzub\" style=\"font-weight: bold;\" data-complete=\"true\">Multicultural Product Range:<\/span>&nbsp;We offer an extensive selection of&nbsp;<span class=\"Yjhzub\" style=\"font-weight: bold;\" data-complete=\"true\">Indian, Asian, and Italian<\/span>&nbsp;specialties. This includes authentic spices, fresh vegetables, high-quality rice (such as Veetee Basmati), lentils, and a variety of Mediterranean essentials like pasta and olive oil.<\/span><\/li>\n<li style=\"margin: 0px 0px 12px; padding: 0px; list-style: disc; padding-inline-start: 4px;\" data-hveid=\"CAEIBBAB\" data-complete=\"true\" data-sae=\"\"><span class=\"T286Pc\" style=\"overflow-wrap: break-word;\" data-sfc-cp=\"\" data-complete=\"true\"><span class=\"Yjhzub\" style=\"font-weight: bold;\" data-complete=\"true\">Wholesale &amp; Retail:<\/span>&nbsp;We supply a diverse clientele, ranging from&nbsp;<span class=\"Yjhzub\" style=\"font-weight: bold;\" data-complete=\"true\">restaurants and retail stores<\/span>&nbsp;to&nbsp;<span class=\"Yjhzub\" style=\"font-weight: bold;\" data-complete=\"true\">private end consumers<\/span>.<\/span><\/li>\n<li style=\"margin: 0px 0px 12px; padding: 0px; list-style: disc; padding-inline-start: 4px;\" data-hveid=\"CAEIBBAC\" data-complete=\"true\" data-sae=\"\"><span class=\"T286Pc\" style=\"overflow-wrap: break-word;\" data-sfc-cp=\"\" data-complete=\"true\"><span class=\"Yjhzub\" style=\"font-weight: bold;\" data-complete=\"true\">Import &amp; Export:<\/span>&nbsp;Leveraging a strong international network, we import authentic products directly from trusted sources to ensure competitive pricing and high standards.<\/span><\/li>\n<li style=\"margin: 0px 0px 12px; padding: 0px; list-style: disc; padding-inline-start: 4px;\" data-hveid=\"CAEIBBAD\" data-complete=\"true\" data-sae=\"\"><span class=\"T286Pc\" style=\"overflow-wrap: break-word;\" data-sfc-cp=\"\" data-complete=\"true\"><span class=\"Yjhzub\" style=\"font-weight: bold;\" data-complete=\"true\">Flexible Delivery &amp; Service:<\/span>&nbsp;We provide reliable delivery throughout our region, including&nbsp;<span class=\"Yjhzub\" style=\"font-weight: bold;\" data-complete=\"true\">free delivery<\/span>&nbsp;within the Munich city area for qualifying orders.<\/span><\/li>\n<li style=\"margin: 0px 0px 12px; padding: 0px; list-style: disc; padding-inline-start: 4px;\" data-hveid=\"CAEIBBAE\" data-complete=\"true\" data-sae=\"\"><span class=\"T286Pc\" style=\"overflow-wrap: break-word;\" data-sfc-cp=\"\" data-complete=\"true\"><span class=\"Yjhzub\" style=\"font-weight: bold;\" data-complete=\"true\">Convenient Shopping:<\/span>&nbsp;Our location at&nbsp;<span class=\"Yjhzub\" style=\"font-weight: bold;\" data-complete=\"true\">Maria-Probst-Str. 41a<\/span>&nbsp;features on-site&nbsp;<span class=\"Yjhzub\" style=\"font-weight: bold;\" data-complete=\"true\">free parking<\/span>&nbsp;and is fully&nbsp;<span class=\"Yjhzub\" style=\"font-weight: bold;\" data-complete=\"true\">wheelchair accessible<\/span>.<\/span><span class=\"uJ19be notranslate\" data-wiz-uids=\"rd8LA_1d,rd8LA_1e\" data-complete=\"true\"><span class=\"vKEkVd\" style=\"text-wrap-mode: nowrap; position: relative;\" data-animation-atomic=\"\" data-wiz-attrbind=\"class=rd8LA_1c\/TKHnVd\" data-sae=\"\">&nbsp;<button class=\"rBl3me\" style=\"margin-right: 6px; background-color: #e9ebf0; border-radius: 10px; height: 20px; padding: 0px; width: 20px; outline: 0px; border: initial none initial;\" tabindex=\"0\" data-amic=\"true\" data-icl-uuid=\"ecf13e5f-b10d-4835-9c4a-1bbca1dd222a\" aria-label=\"View related links\" data-wiz-attrbind=\"disabled=rd8LA_1c\/C5gNJc;aria-label=rd8LA_1c\/bOjMyf;class=rd8LA_1c\/UpSNec\" data-ved=\"2ahUKEwjIy9KZ67iSAxUPzAIHHRQVCl0Qye0OegYIAQgEEAU\"><\/button><\/span><\/span><\/li>\n<\/ul>\n<div class=\"Y3BBE\" style=\"font-family: 'Google Sans', Arial, sans-serif; font-size: 16px; line-height: 24px; overflow-wrap: break-word; margin-block: 12px 16px; color: #0a0a0a;\" data-sfc-cp=\"\" data-hveid=\"CAEIBRAA\" data-processed=\"true\" data-complete=\"true\"><span class=\"Yjhzub\" style=\"font-weight: bold;\" data-complete=\"true\" data-processed=\"true\">How to Order:<\/span><br data-serialized-params=\"[]\" data-complete=\"true\" data-processed=\"true\">You can place your orders conveniently through the following channels:<button class=\"rBl3me\" style=\"margin-right: 6px; background-color: #e9ebf0; border-radius: 10px; height: 20px; padding: 0px; width: 20px; outline: 0px; border: initial none initial;\" tabindex=\"0\" data-amic=\"true\" data-icl-uuid=\"fdab4314-2368-4f9d-903c-4509c7cfee86\" aria-label=\"View related links\" data-wiz-attrbind=\"disabled=rd8LA_1p\/C5gNJc;aria-label=rd8LA_1p\/bOjMyf;class=rd8LA_1p\/UpSNec\" data-ved=\"2ahUKEwjIy9KZ67iSAxUPzAIHHRQVCl0Qye0OegYIAQgFEAE\"><\/button><\/div>\n<ul class=\"KsbFXc U6u95\" style=\"margin: 0px; padding: 0px; margin-block: 12px 16px; font-family: 'Google Sans', Arial, sans-serif; font-size: 16px; line-height: 24px; padding-inline-start: 16px; color: #0a0a0a; background-color: #ffffff;\" data-complete=\"true\" data-processed=\"true\">\n<li style=\"margin: 0px 0px 12px; padding: 0px; list-style: disc; padding-inline-start: 4px;\" data-hveid=\"CAEIBhAA\" data-complete=\"true\" data-sae=\"\"><span class=\"T286Pc\" style=\"overflow-wrap: break-word;\" data-sfc-cp=\"\" data-complete=\"true\"><span class=\"Yjhzub\" style=\"font-weight: bold;\" data-complete=\"true\">Phone:<\/span>&nbsp;<span class=\"T286Pc\" style=\"overflow-wrap: break-word;\" data-sfc-cp=\"\" data-complete=\"true\">+49 (0)89 322 103 19<\/span><\/span><\/li>\n<li style=\"margin: 0px 0px 12px; padding: 0px; list-style: disc; padding-inline-start: 4px;\" data-hveid=\"CAEIBhAB\" data-complete=\"true\" data-sae=\"\"><span class=\"T286Pc\" style=\"overflow-wrap: break-word;\" data-sfc-cp=\"\" data-complete=\"true\"><span class=\"Yjhzub\" style=\"font-weight: bold;\" data-complete=\"true\">WhatsApp:<\/span>&nbsp;<span class=\"T286Pc\" style=\"overflow-wrap: break-word;\" data-sfc-cp=\"\" data-complete=\"true\">+49 (0)176 56776786<\/span><\/span><\/li>\n<li style=\"margin: 0px 0px 12px; padding: 0px; list-style: disc; padding-inline-start: 4px;\" data-hveid=\"CAEIBhAC\" data-complete=\"true\" data-sae=\"\"><span class=\"T286Pc\" style=\"overflow-wrap: break-word;\" data-sfc-cp=\"\" data-complete=\"true\"><span class=\"Yjhzub\" style=\"font-weight: bold;\" data-complete=\"true\">Email:<\/span>&nbsp;info<span class=\"T286Pc\" style=\"overflow-wrap: break-word;\" data-sfc-cp=\"\" data-complete=\"true\">@punjabi-gmbh.de<\/span><\/span><\/li><li style=\"margin: 0px 0px 12px; padding: 0px; list-style: disc; padding-inline-start: 4px;\" data-hveid=\"CAEIBhAC\" data-complete=\"true\" data-sae=\"\"><span class=\"T286Pc\" style=\"overflow-wrap: break-word;\" data-sfc-cp=\"\" data-complete=\"true\"><span class=\"T286Pc\" style=\"overflow-wrap: break-word;\" data-sfc-cp=\"\" data-complete=\"true\"><b>Web:<\/b> punjabi-gmbh.de<\/span><\/span><\/li>\n<li style=\"margin: 0px 0px 12px; padding: 0px; list-style: disc; padding-inline-start: 4px;\" data-hveid=\"CAEIBhAD\" data-complete=\"true\" data-sae=\"\"><span class=\"T286Pc\" style=\"overflow-wrap: break-word;\" data-sfc-cp=\"\" data-complete=\"true\"><span class=\"Yjhzub\" style=\"font-weight: bold;\" data-complete=\"true\">App:<\/span>&nbsp;Download our official&nbsp;<span class=\"Yjhzub\" style=\"font-weight: bold;\" data-complete=\"true\">Punjabi GmbH App<\/span>&nbsp;on&nbsp;<span data-sfc-cp=\"\" data-complete=\"true\"><a class=\"H23r4e\" style=\"color: #1a0dab; text-decoration-line: underline; text-decoration-thickness: 1px; text-decoration-color: #1a0dab; -webkit-tap-highlight-color: rgba(0, 0, 0, 0.1); text-underline-offset: 1px; outline: 0px;\" href=\"https:\/\/play.google.com\/store\/apps\/details?id=com.app.punjabifoodstradinggmbh&amp;hl=gsw\" target=\"_blank\" rel=\"noopener\" data-hveid=\"CAEIBhAE\">Google Play or Apple Store<\/a><\/span>.<\/span><span class=\"uJ19be notranslate\" data-wiz-uids=\"rd8LA_2b,rd8LA_2c\" data-complete=\"true\"><span class=\"vKEkVd\" style=\"text-wrap-mode: nowrap; position: relative;\" data-animation-atomic=\"\" data-wiz-attrbind=\"class=rd8LA_2a\/TKHnVd\" data-sae=\"\">&nbsp;<button class=\"rBl3me\" style=\"margin-right: 6px; background-color: #e9ebf0; border-radius: 10px; height: 20px; padding: 0px; width: 20px; outline: 0px; border: initial none initial;\" tabindex=\"0\" data-amic=\"true\" data-icl-uuid=\"8e2194bc-8d7b-4bf6-96a4-a8a30bcb61ca\" aria-label=\"View related links\" data-wiz-attrbind=\"disabled=rd8LA_2a\/C5gNJc;aria-label=rd8LA_2a\/bOjMyf;class=rd8LA_2a\/UpSNec\" data-ved=\"2ahUKEwjIy9KZ67iSAxUPzAIHHRQVCl0Qye0OegYIAQgGEAU\"><\/button><\/span><\/span><\/li>\n<\/ul>\n<div class=\"Y3BBE\" style=\"font-family: 'Google Sans', Arial, sans-serif; font-size: 16px; line-height: 24px; overflow-wrap: break-word; margin-block: 12px 16px; color: #0a0a0a;\" data-sfc-cp=\"\" data-hveid=\"CAEIBxAA\" data-processed=\"true\" data-complete=\"true\" aria-owns=\"action-menu-toolbar\">Would you like to see our&nbsp;<span class=\"Yjhzub\" style=\"font-weight: bold;\" data-complete=\"true\" data-processed=\"true\">current special offers<\/span>&nbsp;or do you need assistance setting up a&nbsp;<span class=\"Yjhzub\" style=\"font-weight: bold;\" data-complete=\"true\" data-processed=\"true\">wholesale account<\/span>?<\/div>\t\t\t\t\t\t\t\t<\/div>\n\t\t\t\t<\/div>\n\t\t\t\t\t<\/div>\n\t\t\t\t<\/div>\n\t\t<div class=\"elementor-element elementor-element-43e4a08 e-con-full e-flex e-con e-parent\" data-id=\"43e4a08\" data-element_type=\"container\">\n\t\t\t\t<div class=\"elementor-element elementor-element-2f81c0c elementor-widget elementor-widget-shortcode\" data-id=\"2f81c0c\" data-element_type=\"widget\" data-widget_type=\"shortcode.default\">\n\t\t\t\t\t\t\t<div class=\"elementor-shortcode\">\t\t<div data-elementor-type=\"container\" data-elementor-id=\"306\" class=\"elementor elementor-306\" data-elementor-post-type=\"elementor_library\">\n\t\t\t\t<div class=\"elementor-element elementor-element-2d086e4b e-flex e-con-boxed e-con e-parent\" data-id=\"2d086e4b\" data-element_type=\"container\">\n\t\t\t\t\t<div class=\"e-con-inner\">\n\t\t<div class=\"elementor-element elementor-element-22deaa9b e-con-full e-flex e-con e-child\" data-id=\"22deaa9b\" data-element_type=\"container\">\n\t\t\t\t<div class=\"elementor-element elementor-element-50a9745c elementor-widget elementor-widget-text-editor\" data-id=\"50a9745c\" data-element_type=\"widget\" data-widget_type=\"text-editor.default\">\n\t\t\t\t\t\t\t\t\t<p><strong>Punjabi Foods Trading GmbH<\/strong><br \/>Maria-Probst-Str. 41a<br \/>80939 Munich (DE)<br \/>Tel: +49 (0) 8932210319\u00a0<br \/>Fax: +49 (0) 8932210321<br \/>Whatsapp : 0176 56 77 67 86<\/p><p><strong>Internet<\/strong><br \/>www.punjabi-gmbh.de<br \/>Email: info@punjabi-gmbh.de<\/p>\t\t\t\t\t\t\t\t<\/div>\n\t\t\t\t<\/div>\n\t\t<div class=\"elementor-element elementor-element-5b4c5025 e-con-full e-flex e-con e-child\" data-id=\"5b4c5025\" data-element_type=\"container\">\n\t\t\t\t<div class=\"elementor-element elementor-element-1fdc2b66 elementor-widget elementor-widget-text-editor\" data-id=\"1fdc2b66\" data-element_type=\"widget\" data-widget_type=\"text-editor.default\">\n\t\t\t\t\t\t\t\t\t<p><strong>Managing Director<\/strong><br \/>Prax Grewal &amp; Prox Grewal<br \/>Commercial register: Munich<br \/>Commercial register number: 228617<\/p><p><strong>Company information:<\/strong><br \/>Bank: Stadtsparkasse Munich<br \/>IBAN: DE87 7015 0000 1005 9954 00<br \/>BIC: SSKMDEMM<br \/>VAT ID: DE330020391<br \/>Tax ID: 143\/173\/52507<br \/>GLN : 4255780500004<\/p>\t\t\t\t\t\t\t\t<\/div>\n\t\t\t\t<\/div>\n\t\t<div class=\"elementor-element elementor-element-cad8b63 e-con-full e-flex e-con e-child\" data-id=\"cad8b63\" data-element_type=\"container\">\n\t\t\t\t<div class=\"elementor-element elementor-element-730800a elementor-button-align-start elementor-widget elementor-widget-form\" data-id=\"730800a\" data-element_type=\"widget\" data-settings=\"{&quot;step_next_label&quot;:&quot;Next&quot;,&quot;step_previous_label&quot;:&quot;Previous&quot;,&quot;button_width&quot;:&quot;100&quot;,&quot;step_type&quot;:&quot;number_text&quot;,&quot;step_icon_shape&quot;:&quot;circle&quot;}\" data-widget_type=\"form.default\">\n\t\t\t\t<div class=\"elementor-widget-container\">\n\t\t\t\t\t\t\t<form class=\"elementor-form\" method=\"post\" name=\"New Form\" action=\"\">\n\t\t\t<input type=\"hidden\" name=\"post_id\" value=\"306\"\/>\n\t\t\t<input type=\"hidden\" name=\"form_id\" value=\"730800a\"\/>\n\t\t\t<input type=\"hidden\" name=\"referer_title\" value=\"About Us\" \/>\n\n\t\t\t\t\t\t\t<input type=\"hidden\" name=\"queried_id\" value=\"11\"\/>\n\t\t\t\n\t\t\t<div class=\"elementor-form-fields-wrapper elementor-labels-\">\n\t\t\t\t\t\t\t\t<div class=\"elementor-field-type-text elementor-field-group elementor-column elementor-field-group-first_name elementor-col-50\">\n\t\t\t\t\t\t\t\t\t\t\t\t<label for=\"form-field-first_name\" class=\"elementor-field-label elementor-screen-only\">\n\t\t\t\t\t\t\t\tVor Name\t\t\t\t\t\t\t<\/label>\n\t\t\t\t\t\t\t\t\t\t\t\t\t\t<input size=\"1\" type=\"text\" name=\"form_fields[first_name]\" id=\"form-field-first_name\" class=\"elementor-field elementor-size-sm  elementor-field-textual\" placeholder=\"Vor Name\">\n\t\t\t\t\t\t\t\t\t\t\t<\/div>\n\t\t\t\t\t\t\t\t<div class=\"elementor-field-type-text elementor-field-group elementor-column elementor-field-group-last_name elementor-col-50\">\n\t\t\t\t\t\t\t\t\t\t\t\t<label for=\"form-field-last_name\" class=\"elementor-field-label elementor-screen-only\">\n\t\t\t\t\t\t\t\tNach Name\t\t\t\t\t\t\t<\/label>\n\t\t\t\t\t\t\t\t\t\t\t\t\t\t<input size=\"1\" type=\"text\" name=\"form_fields[last_name]\" id=\"form-field-last_name\" class=\"elementor-field elementor-size-sm  elementor-field-textual\" placeholder=\"Nach Name\">\n\t\t\t\t\t\t\t\t\t\t\t<\/div>\n\t\t\t\t\t\t\t\t<div class=\"elementor-field-type-email elementor-field-group elementor-column elementor-field-group-email elementor-col-50 elementor-field-required\">\n\t\t\t\t\t\t\t\t\t\t\t\t<label for=\"form-field-email\" class=\"elementor-field-label elementor-screen-only\">\n\t\t\t\t\t\t\t\tEmail\t\t\t\t\t\t\t<\/label>\n\t\t\t\t\t\t\t\t\t\t\t\t\t\t<input size=\"1\" type=\"email\" name=\"form_fields[email]\" id=\"form-field-email\" class=\"elementor-field elementor-size-sm  elementor-field-textual\" placeholder=\"Email\" required=\"required\" aria-required=\"true\">\n\t\t\t\t\t\t\t\t\t\t\t<\/div>\n\t\t\t\t\t\t\t\t<div class=\"elementor-field-type-tel elementor-field-group elementor-column elementor-field-group-phone elementor-col-50 elementor-field-required\">\n\t\t\t\t\t\t\t\t\t\t\t\t<label for=\"form-field-phone\" class=\"elementor-field-label elementor-screen-only\">\n\t\t\t\t\t\t\t\tPhone\t\t\t\t\t\t\t<\/label>\n\t\t\t\t\t\t\t\t<input size=\"1\" type=\"tel\" name=\"form_fields[phone]\" id=\"form-field-phone\" class=\"elementor-field elementor-size-sm  elementor-field-textual\" placeholder=\"Phone\" required=\"required\" aria-required=\"true\" pattern=\"[0-9()#&amp;+*-=.]+\" title=\"Telefon\">\n\n\t\t\t\t\t\t<\/div>\n\t\t\t\t\t\t\t\t<div class=\"elementor-field-type-textarea elementor-field-group elementor-column elementor-field-group-message elementor-col-100\">\n\t\t\t\t\t\t\t\t\t\t\t\t<label for=\"form-field-message\" class=\"elementor-field-label elementor-screen-only\">\n\t\t\t\t\t\t\t\tNachricht\t\t\t\t\t\t\t<\/label>\n\t\t\t\t\t\t<textarea class=\"elementor-field-textual elementor-field  elementor-size-sm\" name=\"form_fields[message]\" id=\"form-field-message\" rows=\"4\" placeholder=\"Nachricht\"><\/textarea>\t\t\t\t<\/div>\n\t\t\t\t\t\t\t\t<div class=\"elementor-field-group elementor-column elementor-field-type-submit elementor-col-100 e-form__buttons\">\n\t\t\t\t\t<button class=\"elementor-button elementor-size-sm\" type=\"submit\">\n\t\t\t\t\t\t<span class=\"elementor-button-content-wrapper\">\n\t\t\t\t\t\t\t\t\t\t\t\t\t\t\t\t\t\t\t\t\t\t<span class=\"elementor-button-text\">Absenden<\/span>\n\t\t\t\t\t\t\t\t\t\t\t\t\t<\/span>\n\t\t\t\t\t<\/button>\n\t\t\t\t<\/div>\n\t\t\t<\/div>\n\t\t<input type=\"hidden\" name=\"trp-form-language\" value=\"de\"\/><\/form>\n\t\t\t\t\t\t<\/div>\n\t\t\t\t<\/div>\n\t\t\t\t<\/div>\n\t\t\t\t\t<\/div>\n\t\t\t\t<\/div>\n\t\t\t\t<\/div>\n\t\t<\/div>\n\t\t\t\t\t\t<\/div>\n\t\t\t\t<\/div>\n\t\t<div class=\"elementor-element elementor-element-f7aa075 e-flex e-con-boxed e-con e-parent\" data-id=\"f7aa075\" data-element_type=\"container\">\n\t\t\t\t\t<div class=\"e-con-inner\">\n\t\t<div class=\"elementor-element elementor-element-1ef8aa6 e-con-full e-flex e-con e-child\" data-id=\"1ef8aa6\" data-element_type=\"container\" data-settings=\"{&quot;background_background&quot;:&quot;classic&quot;}\">\n\t\t\t\t<div class=\"elementor-element elementor-element-bba33f4 elementor-widget elementor-widget-heading\" data-id=\"bba33f4\" data-element_type=\"widget\" data-widget_type=\"heading.default\">\n\t\t\t\t\t<h3 class=\"elementor-heading-title elementor-size-default\">Copyright \u00a9<\/h3>\t\t\t\t<\/div>\n\t\t\t\t<div class=\"elementor-element elementor-element-c31869a elementor-widget elementor-widget-text-editor\" data-id=\"c31869a\" data-element_type=\"widget\" data-widget_type=\"text-editor.default\">\n\t\t\t\t\t\t\t\t\t<p>Die durch die Anbieter auf diesen Webseiten ver\u00f6ffentlichten Inhalte und Zusammenstellungen unterliegen dem deutschen Urheberrecht. Die Vervielf\u00e4ltigung, Bearbeitung, Verbreitung sowie jede Art der Verwertung au\u00dferhalb der Grenzen des Urheberrechtes bed\u00fcrfen der schriftlichen Zustimmung des Autors bzw. Erstellers. Downloads und Kopien dieser Website sind nur f\u00fcr den privaten Gebrauch gestattet. Eine kommerzielle Nutzung unserer Inhalte ohne Zustimmung des Autors ist untersagt. Sofern die Inhalte auf diesen Seiten nicht vom Anbieter selbst erstellt wurden, werden die Urheberrechte Dritter beachtet. Beitr\u00e4ge Dritter auf dieser Website sind als solche gekennzeichnet. Sollten Sie jedoch eine Urheberrechtsverletzung feststellen, teilen Sie uns dies bitte mit. Derartige Inhalte werden wir umgehend entfernen.<\/p>\t\t\t\t\t\t\t\t<\/div>\n\t\t\t\t<\/div>\n\t\t\t\t\t<\/div>\n\t\t\t\t<\/div>\n\t\t<div class=\"elementor-element elementor-element-175589c e-flex e-con-boxed e-con e-parent\" data-id=\"175589c\" data-element_type=\"container\">\n\t\t\t\t\t<div class=\"e-con-inner\">\n\t\t\t\t<div class=\"elementor-element elementor-element-a3b84ad elementor-align-center elementor-widget elementor-widget-button\" data-id=\"a3b84ad\" data-element_type=\"widget\" data-widget_type=\"button.default\">\n\t\t\t\t\t\t\t\t\t\t<a class=\"elementor-button elementor-button-link elementor-size-sm\" href=\"http:\/\/localhost:10003\/wp-content\/uploads\/2024\/08\/63020-Punjabi-Foods-Trading-GmbH.pdf\" target=\"_blank\">\n\t\t\t\t\t\t<span class=\"elementor-button-content-wrapper\">\n\t\t\t\t\t\t<span class=\"elementor-button-icon\">\n\t\t\t\t<svg aria-hidden=\"true\" class=\"e-font-icon-svg e-fas-medal\" viewbox=\"0 0 512 512\" xmlns=\"http:\/\/www.w3.org\/2000\/svg\"><path d=\"M223.75 130.75L154.62 15.54A31.997 31.997 0 0 0 127.18 0H16.03C3.08 0-4.5 14.57 2.92 25.18l111.27 158.96c29.72-27.77 67.52-46.83 109.56-53.39zM495.97 0H384.82c-11.24 0-21.66 5.9-27.44 15.54l-69.13 115.21c42.04 6.56 79.84 25.62 109.56 53.38L509.08 25.18C516.5 14.57 508.92 0 495.97 0zM256 160c-97.2 0-176 78.8-176 176s78.8 176 176 176 176-78.8 176-176-78.8-176-176-176zm92.52 157.26l-37.93 36.96 8.97 52.22c1.6 9.36-8.26 16.51-16.65 12.09L256 393.88l-46.9 24.65c-8.4 4.45-18.25-2.74-16.65-12.09l8.97-52.22-37.93-36.96c-6.82-6.64-3.05-18.23 6.35-19.59l52.43-7.64 23.43-47.52c2.11-4.28 6.19-6.39 10.28-6.39 4.11 0 8.22 2.14 10.33 6.39l23.43 47.52 52.43 7.64c9.4 1.36 13.17 12.95 6.35 19.59z\"><\/path><\/svg>\t\t\t<\/span>\n\t\t\t\t\t\t\t\t\t<span class=\"elementor-button-text\">Our Certification<\/span>\n\t\t\t\t\t<\/span>\n\t\t\t\t\t<\/a>\n\t\t\t\t\t\t\t\t<\/div>\n\t\t\t\t\t<\/div>\n\t\t\t\t<\/div>\n\t\t\t\t<\/div>","protected":false},"excerpt":{"rendered":"<p>Welcome to&nbsp;Punjabi Foods Trading GmbH, your expert partner for authentic international flavors based in&nbsp;Munich. Since 1999, we have specialized in the distribution of high-quality food products across southern Germany and Austria.&nbsp; Our range of services and specialties includes: Multicultural Product Range:&nbsp;We offer an extensive selection of&nbsp;Indian, Asian, and Italian&nbsp;specialties. This includes authentic spices, fresh vegetables, [&hellip;]<\/p>","protected":false},"author":1,"featured_media":0,"parent":0,"menu_order":0,"comment_status":"closed","ping_status":"closed","template":"","meta":{"footnotes":""},"class_list":["post-11","page","type-page","status-publish","hentry"],"_links":{"self":[{"href":"https:\/\/punjabi-gmbh.de\/de\/wp-json\/wp\/v2\/pages\/11","targetHints":{"allow":["GET"]}}],"collection":[{"href":"https:\/\/punjabi-gmbh.de\/de\/wp-json\/wp\/v2\/pages"}],"about":[{"href":"https:\/\/punjabi-gmbh.de\/de\/wp-json\/wp\/v2\/types\/page"}],"author":[{"embeddable":true,"href":"https:\/\/punjabi-gmbh.de\/de\/wp-json\/wp\/v2\/users\/1"}],"replies":[{"embeddable":true,"href":"https:\/\/punjabi-gmbh.de\/de\/wp-json\/wp\/v2\/comments?post=11"}],"version-history":[{"count":14,"href":"https:\/\/punjabi-gmbh.de\/de\/wp-json\/wp\/v2\/pages\/11\/revisions"}],"predecessor-version":[{"id":2835,"href":"https:\/\/punjabi-gmbh.de\/de\/wp-json\/wp\/v2\/pages\/11\/revisions\/2835"}],"wp:attachment":[{"href":"https:\/\/punjabi-gmbh.de\/de\/wp-json\/wp\/v2\/media?parent=11"}],"curies":[{"name":"wp","href":"https:\/\/api.w.org\/{rel}","templated":true}]}}