{"id":15,"date":"2024-07-01T05:46:33","date_gmt":"2024-07-01T05:46:33","guid":{"rendered":"https:\/\/punjabi-gmbh.de\/?page_id=15"},"modified":"2024-07-02T06:06:52","modified_gmt":"2024-07-02T06:06:52","slug":"career","status":"publish","type":"page","link":"https:\/\/punjabi-gmbh.de\/de\/career","title":{"rendered":"Jobs &amp; Karriere"},"content":{"rendered":"<div data-elementor-type=\"wp-page\" data-elementor-id=\"15\" class=\"elementor elementor-15\" data-elementor-post-type=\"page\">\n\t\t\t\t<div class=\"elementor-element elementor-element-f0ccbb1 e-flex e-con-boxed e-con e-parent\" data-id=\"f0ccbb1\" data-element_type=\"container\" data-settings=\"{&quot;background_background&quot;:&quot;classic&quot;}\">\n\t\t\t\t\t<div class=\"e-con-inner\">\n\t\t\t\t\t<\/div>\n\t\t\t\t<\/div>\n\t\t<div class=\"elementor-element elementor-element-ded3f80 e-flex e-con-boxed e-con e-parent\" data-id=\"ded3f80\" data-element_type=\"container\">\n\t\t\t\t\t<div class=\"e-con-inner\">\n\t\t<div class=\"elementor-element elementor-element-258abf7 e-con-full e-flex e-con e-child\" data-id=\"258abf7\" data-element_type=\"container\" data-settings=\"{&quot;sticky&quot;:&quot;top&quot;,&quot;sticky_on&quot;:[&quot;desktop&quot;,&quot;tablet&quot;],&quot;sticky_parent&quot;:&quot;yes&quot;,&quot;sticky_offset&quot;:0,&quot;sticky_effects_offset&quot;:0}\">\n\t\t\t\t<div class=\"elementor-element elementor-element-ac21a5d elementor-widget elementor-widget-heading\" data-id=\"ac21a5d\" data-element_type=\"widget\" data-widget_type=\"heading.default\">\n\t\t\t\t\t<h4 class=\"elementor-heading-title elementor-size-default\">All current job offers:<\/h4>\t\t\t\t<\/div>\n\t\t\t\t<div class=\"elementor-element elementor-element-630bae9 elementor-widget-divider--view-line elementor-widget elementor-widget-divider\" data-id=\"630bae9\" data-element_type=\"widget\" data-widget_type=\"divider.default\">\n\t\t\t\t\t\t\t<div class=\"elementor-divider\">\n\t\t\t<span class=\"elementor-divider-separator\">\n\t\t\t\t\t\t<\/span>\n\t\t<\/div>\n\t\t\t\t\t\t<\/div>\n\t\t\t\t<div class=\"elementor-element elementor-element-4d76fca elementor-icon-list--layout-traditional elementor-list-item-link-full_width elementor-widget elementor-widget-icon-list\" data-id=\"4d76fca\" data-element_type=\"widget\" data-widget_type=\"icon-list.default\">\n\t\t\t\t\t\t\t<ul class=\"elementor-icon-list-items\">\n\t\t\t\t\t\t\t<li class=\"elementor-icon-list-item\">\n\t\t\t\t\t\t\t\t\t\t\t<span class=\"elementor-icon-list-icon\">\n\t\t\t\t\t\t\t<svg aria-hidden=\"true\" class=\"e-font-icon-svg e-fas-user-tie\" viewbox=\"0 0 448 512\" xmlns=\"http:\/\/www.w3.org\/2000\/svg\"><path d=\"M224 256c70.7 0 128-57.3 128-128S294.7 0 224 0 96 57.3 96 128s57.3 128 128 128zm95.8 32.6L272 480l-32-136 32-56h-96l32 56-32 136-47.8-191.4C56.9 292 0 350.3 0 422.4V464c0 26.5 21.5 48 48 48h352c26.5 0 48-21.5 48-48v-41.6c0-72.1-56.9-130.4-128.2-133.8z\"><\/path><\/svg>\t\t\t\t\t\t<\/span>\n\t\t\t\t\t\t\t\t\t\t<span class=\"elementor-icon-list-text\">Job-1. Buchhaltung (m\/w\/d)<\/span>\n\t\t\t\t\t\t\t\t\t<\/li>\n\t\t\t\t\t\t\t\t<li class=\"elementor-icon-list-item\">\n\t\t\t\t\t\t\t\t\t\t\t<span class=\"elementor-icon-list-icon\">\n\t\t\t\t\t\t\t<svg aria-hidden=\"true\" class=\"e-font-icon-svg e-fas-user-tie\" viewbox=\"0 0 448 512\" xmlns=\"http:\/\/www.w3.org\/2000\/svg\"><path d=\"M224 256c70.7 0 128-57.3 128-128S294.7 0 224 0 96 57.3 96 128s57.3 128 128 128zm95.8 32.6L272 480l-32-136 32-56h-96l32 56-32 136-47.8-191.4C56.9 292 0 350.3 0 422.4V464c0 26.5 21.5 48 48 48h352c26.5 0 48-21.5 48-48v-41.6c0-72.1-56.9-130.4-128.2-133.8z\"><\/path><\/svg>\t\t\t\t\t\t<\/span>\n\t\t\t\t\t\t\t\t\t\t<span class=\"elementor-icon-list-text\">Job-2. VollzeitB\u00fcrokraft (m\/w\/d)<\/span>\n\t\t\t\t\t\t\t\t\t<\/li>\n\t\t\t\t\t\t\t\t<li class=\"elementor-icon-list-item\">\n\t\t\t\t\t\t\t\t\t\t\t<span class=\"elementor-icon-list-icon\">\n\t\t\t\t\t\t\t<svg aria-hidden=\"true\" class=\"e-font-icon-svg e-fas-user-tie\" viewbox=\"0 0 448 512\" xmlns=\"http:\/\/www.w3.org\/2000\/svg\"><path d=\"M224 256c70.7 0 128-57.3 128-128S294.7 0 224 0 96 57.3 96 128s57.3 128 128 128zm95.8 32.6L272 480l-32-136 32-56h-96l32 56-32 136-47.8-191.4C56.9 292 0 350.3 0 422.4V464c0 26.5 21.5 48 48 48h352c26.5 0 48-21.5 48-48v-41.6c0-72.1-56.9-130.4-128.2-133.8z\"><\/path><\/svg>\t\t\t\t\t\t<\/span>\n\t\t\t\t\t\t\t\t\t\t<span class=\"elementor-icon-list-text\">Job-3. Lagermitarbeiter (m\/w\/d)<\/span>\n\t\t\t\t\t\t\t\t\t<\/li>\n\t\t\t\t\t\t\t\t<li class=\"elementor-icon-list-item\">\n\t\t\t\t\t\t\t\t\t\t\t<span class=\"elementor-icon-list-icon\">\n\t\t\t\t\t\t\t<svg aria-hidden=\"true\" class=\"e-font-icon-svg e-fas-user-tie\" viewbox=\"0 0 448 512\" xmlns=\"http:\/\/www.w3.org\/2000\/svg\"><path d=\"M224 256c70.7 0 128-57.3 128-128S294.7 0 224 0 96 57.3 96 128s57.3 128 128 128zm95.8 32.6L272 480l-32-136 32-56h-96l32 56-32 136-47.8-191.4C56.9 292 0 350.3 0 422.4V464c0 26.5 21.5 48 48 48h352c26.5 0 48-21.5 48-48v-41.6c0-72.1-56.9-130.4-128.2-133.8z\"><\/path><\/svg>\t\t\t\t\t\t<\/span>\n\t\t\t\t\t\t\t\t\t\t<span class=\"elementor-icon-list-text\">Job-4. Verk\u00e4ufer\/Kassierer (M\/W\/D)<\/span>\n\t\t\t\t\t\t\t\t\t<\/li>\n\t\t\t\t\t\t\t\t<li class=\"elementor-icon-list-item\">\n\t\t\t\t\t\t\t\t\t\t\t<span class=\"elementor-icon-list-icon\">\n\t\t\t\t\t\t\t<svg aria-hidden=\"true\" class=\"e-font-icon-svg e-fas-user-tie\" viewbox=\"0 0 448 512\" xmlns=\"http:\/\/www.w3.org\/2000\/svg\"><path d=\"M224 256c70.7 0 128-57.3 128-128S294.7 0 224 0 96 57.3 96 128s57.3 128 128 128zm95.8 32.6L272 480l-32-136 32-56h-96l32 56-32 136-47.8-191.4C56.9 292 0 350.3 0 422.4V464c0 26.5 21.5 48 48 48h352c26.5 0 48-21.5 48-48v-41.6c0-72.1-56.9-130.4-128.2-133.8z\"><\/path><\/svg>\t\t\t\t\t\t<\/span>\n\t\t\t\t\t\t\t\t\t\t<span class=\"elementor-icon-list-text\">Job-5. Kraftfahrer \/ LKW Fahrer (m\/w\/d)<\/span>\n\t\t\t\t\t\t\t\t\t<\/li>\n\t\t\t\t\t\t<\/ul>\n\t\t\t\t\t\t<\/div>\n\t\t\t\t<\/div>\n\t\t<div class=\"elementor-element elementor-element-588b294 e-con-full e-flex e-con e-child\" data-id=\"588b294\" data-element_type=\"container\">\n\t\t\t\t<div class=\"elementor-element elementor-element-ad1f771 elementor-widget elementor-widget-heading\" data-id=\"ad1f771\" data-element_type=\"widget\" data-widget_type=\"heading.default\">\n\t\t\t\t\t<h5 class=\"elementor-heading-title elementor-size-default\">Mitarbeiter \/ B\u00fcrokauffrau Vollzeit (m\/w\/d)<\/h5>\t\t\t\t<\/div>\n\t\t\t\t<div class=\"elementor-element elementor-element-43650ed elementor-widget elementor-widget-text-editor\" data-id=\"43650ed\" data-element_type=\"widget\" data-widget_type=\"text-editor.default\">\n\t\t\t\t\t\t\t\t\t<p>Kaufm\u00e4nnische Mitarbeiter \/ B\u00fcrokauffrau Vollzeit (m\/w\/d)<br \/>Kaufm\u00e4nnischer Angestellter (Verwaltung) in unserem B\u00fcro in M\u00fcnchen<\/p><p>\u200bZum n\u00e4chstm\u00f6glichen Zeitpunkt suchen wir<\/p><p>Ihre Aufgaben:<\/p><ul><li>Allgemeine B\u00fcro- und Verwaltungst\u00e4tigkeiten<\/li><li>Annahme und Bearbeitung von eingehenden Telefonanrufen<\/li><li>Auftragsmanagement<\/li><li>Betreuung unserer Kunden<\/li><\/ul><p>\u00a0<\/p><p>\u200bIhr Profil:<\/p><ul><li>Abgeschlossene kaufm\u00e4nnische Ausbildung<\/li><li>Freundliches, offenes und kontaktfreudiges Auftreten<\/li><li>Gute MS Office Kenntnisse<\/li><li>Selbstst\u00e4ndige und strukturierte Arbeitsweise<\/li><li>Engagement und Einsatzbereitschaft<\/li><li>Gute Deutsch und Englisch Kenntnisse<\/li><\/ul><p>\u200b<\/p><p>Ihre Vorteile:<\/p><ul><li>28 Tage Urlaub<\/li><li>Gutes Betriebsklima und flache Hierarchien<\/li><li>Gute Verkehrsanbindung<\/li><li>Moderner Arbeitsplatz<\/li><li>Sozialleistungen, z.B. attraktive Mitarbeiterrabatte und weitere Benefits<\/li><li>Vielseitige und selbstst\u00e4ndige Aufgabenbereiche<\/li><\/ul><p>\u00a0<\/p><p>Begeistern Sie uns mit Ihrem Talent!<br \/>Bei Interesse senden Sie bitte Ihre Bewerbungsunterlagen per E-Mail zu. info@punjabi-gmbh.de<\/p><p>\u200bIhre<br \/><strong>Punjabi Foods Trading GmbH<\/strong>\u200b<\/p><p>Maria-Probst-Str. 41a<br \/>80939 Munich (Germany)<\/p><p>\u200bTel: +49 (0) 8932210319 \/ 08935466575<br \/>\u200bFax: +49 (0) 8932210321 \/ 08935466576<br \/>\u200bMobile\/ Whatsapp : 0176 56 77 67 86<\/p><p>\u200bwww.pftonline.de<br \/>https:\/\/www.pftonline.de\/<\/p>\t\t\t\t\t\t\t\t<\/div>\n\t\t\t\t<div class=\"elementor-element elementor-element-06bab22 elementor-widget elementor-widget-heading\" data-id=\"06bab22\" data-element_type=\"widget\" data-widget_type=\"heading.default\">\n\t\t\t\t\t<h5 class=\"elementor-heading-title elementor-size-default\">Lagermitarbeiter (m\/w\/d)<\/h5>\t\t\t\t<\/div>\n\t\t\t\t<div class=\"elementor-element elementor-element-12e5379 elementor-widget elementor-widget-text-editor\" data-id=\"12e5379\" data-element_type=\"widget\" data-widget_type=\"text-editor.default\">\n\t\t\t\t\t\t\t\t\t<p>Zum n\u00e4chstm\u00f6glichen Zeitpunkt suchen wir<\/p><p>Ihre Aufgaben:<\/p><ul><li>Unterst\u00fctzt Verkaufsmitarbeiter bei der Maximierung der Einkaufserfahrung f\u00fcr Kunden<\/li><li>Hilft bei der Verarbeitung aller Inventarbewegungen zwischen Laden und Vertrieb<\/li><li>Verwaltet einen sauberen, organisierten und effizienten Lagerraum unter Ber\u00fccksichtigung der Unternehmensstandards und Sicherheitsanforderungen<\/li><li>Verantwortlich f\u00fcr die Aufrechterhaltung angemessener Lagerbest\u00e4nde und Sicherstellung, dass Gr\u00f6\u00dfen und Stilrichtungen repr\u00e4sentiert sind<\/li><li>Bereitet Waren vor f\u00fcr den Verkaufsbereich<\/li><\/ul><p>\u200b<\/p><p>Ihr Profil:<\/p><ul><li>6\u20139 Monate Einzelhandelserfahrung<\/li><li>Bietet zu jedem Zeitpunkt ein freundliches und positives Verhalten<\/li><li>F\u00fchrt Aufgaben oder Aktivit\u00e4ten ohne notwendige Aufsicht durch<\/li><li>Hochgradig organisiert und effizient<\/li><\/ul><p>\u00a0<\/p><p>Begeistern Sie uns mit Ihrem Talent!<br \/>Bei Interesse senden Sie bitte Ihre Bewerbungsunterlagen per E-Mail zu. info@punjabi-gmbh.de<\/p><p>\u200b<br \/>Ihre<br \/><strong>Punjabi Foods Trading GmbH<\/strong><br \/>\u200b<\/p><p>Maria-Probst-Str. 41a<br \/>80939 Munich (Germany)<br \/>\u200b<\/p><p>Tel: +49 (0) 8932210319 \/ 08935466575<br \/>\u200bFax: +49 (0) 8932210321 \/ 08935466576<br \/>\u200bMobile\/ Whatsapp : 0176 56 77 67 86 <br \/>\u200b<br \/>www.pftonline.de<br \/>https:\/\/www.pftonline.de\/<\/p>\t\t\t\t\t\t\t\t<\/div>\n\t\t\t\t<div class=\"elementor-element elementor-element-20841a6 elementor-widget elementor-widget-heading\" data-id=\"20841a6\" data-element_type=\"widget\" data-widget_type=\"heading.default\">\n\t\t\t\t\t<h5 class=\"elementor-heading-title elementor-size-default\">Fahrer (m\/w\/d)<\/h5>\t\t\t\t<\/div>\n\t\t\t\t<div class=\"elementor-element elementor-element-dd4a18c elementor-widget elementor-widget-text-editor\" data-id=\"dd4a18c\" data-element_type=\"widget\" data-widget_type=\"text-editor.default\">\n\t\t\t\t\t\t\t\t\t<p>\u200b\u200bf\u00fcr unsere Betriebe in M\u00fcnchen Teil-\/Vollzeit gesucht<\/p><p>Zum n\u00e4chstm\u00f6glichen Zeitpunkt suchen wir<\/p><p>Ihre Aufgaben:<\/p><ul><li>Auslieferung unserer Produkte an unsere Standorte in M\u00fcnchen und s\u00fcddesutschland sowie R\u00fccktransport des Leerguts<\/li><li>Kommissionierung unserer Produkte f\u00fcr die Touren gem\u00e4\u00df Bestellschein.<\/li><li>Sicherstellung einer reibungslosen und p\u00fcnktlichen Versorgung unserer Betriebe.<\/li><li>Gew\u00e4hrleistung aller Vorschriften im Bereich der Lebensmittelsicherheit auf dem Transport und bei der Anlieferung.<\/li><li>Aufrechterhaltung der Lagerordnung.<\/li><li>Berufserfahrung im Bereich Lebensmittel, Gastronomie oder Logistik w\u00fcnschenswert, aber auch motivierte Quereinsteiger sind uns willkommen<\/li><li>Sie verf\u00fcgen \u00fcber den F\u00fchrerschein Kl. B (fr\u00fcher Kl.3).<\/li><li>Sie sind zuverl\u00e4ssig, p\u00fcnktlich und belastbar &#8211; gelegentliches, schweres Heben erforderlich.<\/li><li>Sie haben Organisationsgeschick und arbeiten gerne im Team.<\/li><li>Sie verf\u00fcgen \u00fcber gute deutsche Sprachkenntnisse.<\/li><\/ul><p>\u00a0<\/p><p>Ihr Profil::<\/p><ul><li>Wir bieten Ihnen eine abwechslungsreiche und vielseitige Aufgabe an einem attraktiven Standort in der M\u00fcnchener EuroIndustriepark Da. Ein faires Einkommen ist dabei f\u00fcr uns selbstverst\u00e4ndlich.<\/li><li>Sie m\u00f6chten Teil einer zukunftsorientierten Unternehmenskultur sein, der die Handwerklichkeit, Qualit\u00e4t, Regionalit\u00e4t und Frische sehr wichtig ist? Dar\u00fcber hinaus, haben Sie Spa\u00df an der gemeinsamen Arbeit im Team?<\/li><li>Begeistern Sie uns mit Ihrem Talent!<\/li><li>Bei Interesse senden Sie bitte Ihre Bewerbungsunterlagen per E-Mail zu. info@punjabi-gmbh.de<\/li><\/ul><p>\u00a0<\/p><p>Ihre<br \/><strong>Punjabi Foods Trading GmbH<\/strong><\/p><p>\u200bMaria-Probst-Str. 41a<br \/>80939 Munich (Germany)<\/p><p>Tel: +49 (0) 8932210319 \/ 08935466575<br \/>\u200bFax: +49 (0) 8932210321 \/ 08935466576<br \/>Mobile\/ Whatsapp : 0176 56 77 67 86<\/p><p>www.pftonline.de<br \/>https:\/\/www.pftonline.de\/<\/p>\t\t\t\t\t\t\t\t<\/div>\n\t\t\t\t<\/div>\n\t\t\t\t\t<\/div>\n\t\t\t\t<\/div>\n\t\t\t\t<\/div>","protected":false},"excerpt":{"rendered":"<p>All current job offers: Job-1. Buchhaltung (m\/w\/d) Job-2. VollzeitB\u00fcrokraft (m\/w\/d) Job-3. Lagermitarbeiter (m\/w\/d) Job-4. Verk\u00e4ufer\/Kassierer (M\/W\/D) Job-5. Kraftfahrer \/ LKW Fahrer (m\/w\/d) Mitarbeiter \/ B\u00fcrokauffrau Vollzeit (m\/w\/d) Kaufm\u00e4nnische Mitarbeiter \/ B\u00fcrokauffrau Vollzeit (m\/w\/d)Kaufm\u00e4nnischer Angestellter (Verwaltung) in unserem B\u00fcro in M\u00fcnchen \u200bZum n\u00e4chstm\u00f6glichen Zeitpunkt suchen wir Ihre Aufgaben: Allgemeine B\u00fcro- und Verwaltungst\u00e4tigkeiten Annahme und Bearbeitung von [&hellip;]<\/p>","protected":false},"author":1,"featured_media":0,"parent":0,"menu_order":0,"comment_status":"closed","ping_status":"closed","template":"","meta":{"footnotes":""},"class_list":["post-15","page","type-page","status-publish","hentry"],"_links":{"self":[{"href":"https:\/\/punjabi-gmbh.de\/de\/wp-json\/wp\/v2\/pages\/15","targetHints":{"allow":["GET"]}}],"collection":[{"href":"https:\/\/punjabi-gmbh.de\/de\/wp-json\/wp\/v2\/pages"}],"about":[{"href":"https:\/\/punjabi-gmbh.de\/de\/wp-json\/wp\/v2\/types\/page"}],"author":[{"embeddable":true,"href":"https:\/\/punjabi-gmbh.de\/de\/wp-json\/wp\/v2\/users\/1"}],"replies":[{"embeddable":true,"href":"https:\/\/punjabi-gmbh.de\/de\/wp-json\/wp\/v2\/comments?post=15"}],"version-history":[{"count":0,"href":"https:\/\/punjabi-gmbh.de\/de\/wp-json\/wp\/v2\/pages\/15\/revisions"}],"wp:attachment":[{"href":"https:\/\/punjabi-gmbh.de\/de\/wp-json\/wp\/v2\/media?parent=15"}],"curies":[{"name":"wp","href":"https:\/\/api.w.org\/{rel}","templated":true}]}}