{"id":23,"date":"2024-07-01T06:05:23","date_gmt":"2024-07-01T06:05:23","guid":{"rendered":"https:\/\/punjabi-gmbh.de\/?page_id=23"},"modified":"2025-07-24T09:47:57","modified_gmt":"2025-07-24T09:47:57","slug":"data-protection","status":"publish","type":"page","link":"https:\/\/punjabi-gmbh.de\/de\/data-protection","title":{"rendered":"Datenschutzerkl\u00e4rung"},"content":{"rendered":"<div data-elementor-type=\"wp-page\" data-elementor-id=\"23\" class=\"elementor elementor-23\" data-elementor-post-type=\"page\">\n\t\t\t\t<div class=\"elementor-element elementor-element-3d77060 e-flex e-con-boxed e-con e-parent\" data-id=\"3d77060\" data-element_type=\"container\" data-settings=\"{&quot;background_background&quot;:&quot;classic&quot;}\">\n\t\t\t\t\t<div class=\"e-con-inner\">\n\t\t\t\t\t<\/div>\n\t\t\t\t<\/div>\n\t\t<div class=\"elementor-element elementor-element-28e3c47 e-flex e-con-boxed e-con e-parent\" data-id=\"28e3c47\" data-element_type=\"container\">\n\t\t\t\t\t<div class=\"e-con-inner\">\n\t\t\t\t<div class=\"elementor-element elementor-element-710b346 elementor-widget elementor-widget-text-editor\" data-id=\"710b346\" data-element_type=\"widget\" data-widget_type=\"text-editor.default\">\n\t\t\t\t\t\t\t\t\t<h2>Datenschutzerkl\u00e4rung<\/h2>\n\n<p>Herzlich Willkommen auf unserer Webseite!<\/p>\n\n<p>Wir legen gr\u00f6\u00dften Wert auf den Schutz Ihrer Daten und die Wahrung Ihrer Privatsph\u00e4re. Nachstehend informieren wir Sie \u00fcber die Erhebung und Verwendung personenbezogener Daten bei Nutzung unserer Webseite.<\/p>\n\n<h3>1. Anonyme Datenerhebung<\/h3>\n<p>Sie k\u00f6nnen unsere Webseiten besuchen, ohne Angaben zu Ihrer Person zu machen. Wir speichern in diesem Zusammenhang keinerlei pers\u00f6nliche Daten. Zur Verbesserung unseres Angebots werten wir lediglich statistische Daten aus, die keinen R\u00fcckschluss auf Ihre Person zulassen.<\/p>\n\n<h3>2. Erhebung und Verarbeitung bei Nutzung des Kontaktformulars<\/h3>\n<p>Bei Nutzung des Kontaktformulars erheben wir personenbezogene Daten (z.\u202fB. Name, E-Mail-Adresse) nur in dem von Ihnen zur Verf\u00fcgung gestellten Umfang. Ihre Daten nutzen wir ausschlie\u00dflich zur Bearbeitung Ihrer Anfrage. Nach abschlie\u00dfender Bearbeitung werden Ihre Daten gel\u00f6scht, sofern Sie nicht in eine weitergehende Verarbeitung eingewilligt haben.<\/p>\n\n<h3>3. Erhebung, Verarbeitung und Nutzung personenbezogener Daten<\/h3>\n<p>Personenbezogene Daten werden nur im notwendigen Umfang zur Erf\u00fcllung und Abwicklung von Vertr\u00e4gen sowie zur Bearbeitung von Anfragen verarbeitet. Nach vollst\u00e4ndiger Vertragsabwicklung werden die Daten unter Ber\u00fccksichtigung steuer- und handelsrechtlicher Aufbewahrungsfristen gespeichert und anschlie\u00dfend gel\u00f6scht, sofern keine Einwilligung zur weiteren Verarbeitung vorliegt.<\/p>\n\n<h3>4. Verwendung der E-Mail-Adresse f\u00fcr Newsletter<\/h3>\n<p>Ihre E-Mail-Adresse verwenden wir unabh\u00e4ngig von der Vertragsabwicklung ausschlie\u00dflich f\u00fcr eigene Werbezwecke zum Versand eines Newsletters, sofern Sie dem ausdr\u00fccklich zugestimmt haben.<\/p>\n<p>Ihre Einwilligung lautet wie folgt: <strong>&#8220;Abonnieren&#8221;<\/strong>.<\/p>\n<p>Der Newsletter kann jederzeit \u00fcber den Link im Newsletter oder per Nachricht an <a href=\"mailto:info@punjabi-gmbh.de\">info@punjabi-gmbh.de<\/a> abbestellt werden.<\/p>\n\n<h3>5. Weitergabe personenbezogener Daten<\/h3>\n<p>Eine Weitergabe an Dritte erfolgt nur, soweit dies zur Vertragsabwicklung notwendig ist. In diesem Fall halten wir uns strikt an die Vorgaben des Bundesdatenschutzgesetzes. Der Umfang der \u00fcbermittelten Daten beschr\u00e4nkt sich auf ein Mindestma\u00df.<\/p>\n\n<h3>6. Einsatz von Google Analytics<\/h3>\n<p>Diese Website benutzt Google Analytics, einen Webanalysedienst der Google Inc. (\u201eGoogle\u201c). Google Analytics verwendet sog. \u201eCookies\u201c. Die durch Cookies erzeugten Informationen \u00fcber Ihre Benutzung dieser Website werden in der Regel an einen Server von Google in den USA \u00fcbertragen und dort gespeichert.<\/p>\n<p>Im Falle der Aktivierung der IP-Anonymisierung wird Ihre IP-Adresse von Google innerhalb der EU zuvor gek\u00fcrzt. Nur in Ausnahmef\u00e4llen wird die volle IP-Adresse an einen Server von Google in den USA \u00fcbertragen und dort gek\u00fcrzt.<\/p>\n<p>Sie k\u00f6nnen die Speicherung der Cookies durch eine entsprechende Einstellung Ihrer Browser-Software verhindern sowie ein Browser-Plugin zur Deaktivierung von Google Analytics nutzen: <a href=\"http:\/\/tools.google.com\/dlpage\/gaoptout?hl=de\" target=\"_blank\">http:\/\/tools.google.com\/dlpage\/gaoptout?hl=de<\/a>.<\/p>\n\n<h3>7. Verwendung von Social Media Plugins<\/h3>\n\n<h4>7.1 Facebook Plugins<\/h4>\n<p>Auf unserer Website sind Plugins des sozialen Netzwerks Facebook integriert, angeboten durch Meta Platforms Ireland Ltd., 4 Grand Canal Square, Dublin 2, Irland. Beim Aufruf unserer Seite wird \u00fcber das Plugin eine Verbindung zu den Facebook-Servern hergestellt. Dabei wird Ihre IP-Adresse und ggf. weitere Daten an Facebook \u00fcbermittelt.<\/p>\n<p>Wenn Sie bei Facebook eingeloggt sind, kann Facebook den Besuch Ihrem Benutzerkonto zuordnen. Weitere Informationen finden Sie in der <a href=\"https:\/\/www.facebook.com\/about\/privacy\/\" target=\"_blank\" rel=\"noopener\">Datenrichtlinie von Facebook<\/a>.<\/p>\n\n<h4>7.2 Google +1<\/h4>\n<p>Unsere Seiten verwenden die \u201c+1\u201d-Schaltfl\u00e4che von Google Plus. Weitere Informationen zur Datenerhebung durch Google finden Sie unter: <a href=\"https:\/\/www.google.com\/intl\/de\/+\/policy\/+1button.html\" target=\"_blank\">Google Datenschutzrichtlinie<\/a>.<\/p>\n\n<h4>7.3 Twitter<\/h4>\n<p>Funktionen des Dienstes Twitter sind eingebunden. Anbieter ist die Twitter Inc., 795 Folsom St., Suite 600, San Francisco, CA 94107, USA. Weitere Informationen: <a href=\"https:\/\/twitter.com\/privacy\" target=\"_blank\">https:\/\/twitter.com\/privacy<\/a>.<\/p>\n\n<h4>7.4 Pinterest<\/h4>\n<p>Unsere Website nutzt Plugins des Netzwerks Pinterest. Anbieter: Pinterest Inc., 635 High Street, Palo Alto, CA 94301, USA. Weitere Informationen: <a href=\"http:\/\/de.about.pinterest.com\/privacy\/\" target=\"_blank\">http:\/\/de.about.pinterest.com\/privacy\/<\/a>.<\/p>\n\n<h4>7.5 WhatsApp Business<\/h4>\n<p>Wir verwenden <strong>WhatsApp Business<\/strong> zur Kundenkommunikation. Anbieter ist <strong>Meta Platforms Ireland Ltd., 4 Grand Canal Square, Dublin 2, Irland<\/strong>. Personenbezogene Daten (z.\u202fB. Telefonnummer, Name, Chat-Inhalte) werden nur verarbeitet, wenn Sie uns freiwillig \u00fcber WhatsApp kontaktieren oder Ihre Einwilligung gegeben haben.<\/p>\n<p>Der Einsatz erfolgt auf Grundlage Ihrer Einwilligung gem. Art. 6 Abs. 1 lit. a DSGVO oder zur Durchf\u00fchrung vorvertraglicher Ma\u00dfnahmen gem. Art. 6 Abs. 1 lit. b DSGVO.<\/p>\n<p>Weitere Informationen zur Datenverarbeitung durch WhatsApp finden Sie in folgenden Richtlinien:<\/p>\n<ul>\n  <li><a href=\"https:\/\/www.whatsapp.com\/legal\/privacy-policy-eea\" target=\"_blank\">WhatsApp Datenschutzrichtlinie (EU)<\/a><\/li>\n  <li><a href=\"https:\/\/www.whatsapp.com\/legal\/business-terms\/\" target=\"_blank\">WhatsApp Business Nutzungsbedingungen<\/a><\/li>\n  <li><a href=\"https:\/\/business.whatsapp.com\/policy\" target=\"_blank\">WhatsApp Business Messaging Policy<\/a><\/li>\n<\/ul>\n<p>Sie k\u00f6nnen jederzeit widersprechen, indem Sie uns \u00fcber <a href=\"mailto:info@punjabi-gmbh.de\">info@punjabi-gmbh.de<\/a> kontaktieren oder im WhatsApp-Chat das Wort \u201eSTOP\u201c senden.<\/p>\n\n<h3>8. Ihre Rechte<\/h3>\n<p>Ihnen stehen gem\u00e4\u00df DSGVO folgende Rechte zu:<\/p>\n<ul>\n  <li>Recht auf Auskunft \u00fcber Ihre gespeicherten Daten<\/li>\n  <li>Recht auf Berichtigung, L\u00f6schung oder Einschr\u00e4nkung der Verarbeitung<\/li>\n  <li>Recht auf Daten\u00fcbertragbarkeit<\/li>\n  <li>Recht auf Widerruf Ihrer Einwilligung mit Wirkung f\u00fcr die Zukunft<\/li>\n  <li>Recht auf Beschwerde bei einer Datenschutzaufsichtsbeh\u00f6rde<\/li>\n<\/ul>\n\n<h3>9. Kontakt<\/h3>\n<p>F\u00fcr Fragen zur Erhebung, Verarbeitung oder Nutzung Ihrer personenbezogenen Daten, bei Ausk\u00fcnften, Berichtigung, Sperrung oder L\u00f6schung von Daten wenden Sie sich bitte an:<\/p>\n\n<p><strong>Punjabi GmbH<\/strong><br>\nE-Mail: <a href=\"mailto:info@punjabi-gmbh.de\">info@punjabi-gmbh.de<\/a><\/p>\n\t\t\t\t\t\t\t\t<\/div>\n\t\t\t\t\t<\/div>\n\t\t\t\t<\/div>\n\t\t\t\t<\/div>","protected":false},"excerpt":{"rendered":"<p>Datenschutzerkl\u00e4rung Herzlich Willkommen auf unserer Webseite! Wir legen gr\u00f6\u00dften Wert auf den Schutz Ihrer Daten und die Wahrung Ihrer Privatsph\u00e4re. Nachstehend informieren wir Sie \u00fcber die Erhebung und Verwendung personenbezogener Daten bei Nutzung unserer Webseite. 1. Anonyme Datenerhebung Sie k\u00f6nnen unsere Webseiten besuchen, ohne Angaben zu Ihrer Person zu machen. Wir speichern in diesem Zusammenhang [&hellip;]<\/p>","protected":false},"author":1,"featured_media":0,"parent":0,"menu_order":0,"comment_status":"closed","ping_status":"closed","template":"","meta":{"footnotes":""},"class_list":["post-23","page","type-page","status-publish","hentry"],"_links":{"self":[{"href":"https:\/\/punjabi-gmbh.de\/de\/wp-json\/wp\/v2\/pages\/23","targetHints":{"allow":["GET"]}}],"collection":[{"href":"https:\/\/punjabi-gmbh.de\/de\/wp-json\/wp\/v2\/pages"}],"about":[{"href":"https:\/\/punjabi-gmbh.de\/de\/wp-json\/wp\/v2\/types\/page"}],"author":[{"embeddable":true,"href":"https:\/\/punjabi-gmbh.de\/de\/wp-json\/wp\/v2\/users\/1"}],"replies":[{"embeddable":true,"href":"https:\/\/punjabi-gmbh.de\/de\/wp-json\/wp\/v2\/comments?post=23"}],"version-history":[{"count":3,"href":"https:\/\/punjabi-gmbh.de\/de\/wp-json\/wp\/v2\/pages\/23\/revisions"}],"predecessor-version":[{"id":2644,"href":"https:\/\/punjabi-gmbh.de\/de\/wp-json\/wp\/v2\/pages\/23\/revisions\/2644"}],"wp:attachment":[{"href":"https:\/\/punjabi-gmbh.de\/de\/wp-json\/wp\/v2\/media?parent=23"}],"curies":[{"name":"wp","href":"https:\/\/api.w.org\/{rel}","templated":true}]}}