{"id":25,"date":"2024-07-01T06:06:27","date_gmt":"2024-07-01T06:06:27","guid":{"rendered":"https:\/\/punjabi-gmbh.de\/?page_id=25"},"modified":"2024-07-01T17:23:47","modified_gmt":"2024-07-01T17:23:47","slug":"packaging-ordinance","status":"publish","type":"page","link":"https:\/\/punjabi-gmbh.de\/de\/packaging-ordinance","title":{"rendered":"Verpackungsverordnung"},"content":{"rendered":"<div data-elementor-type=\"wp-page\" data-elementor-id=\"25\" class=\"elementor elementor-25\" data-elementor-post-type=\"page\">\n\t\t\t\t<div class=\"elementor-element elementor-element-85a37e0 e-flex e-con-boxed e-con e-parent\" data-id=\"85a37e0\" data-element_type=\"container\" data-settings=\"{&quot;background_background&quot;:&quot;classic&quot;}\">\n\t\t\t\t\t<div class=\"e-con-inner\">\n\t\t\t\t\t<\/div>\n\t\t\t\t<\/div>\n\t\t<div class=\"elementor-element elementor-element-d5c601c e-flex e-con-boxed e-con e-parent\" data-id=\"d5c601c\" data-element_type=\"container\">\n\t\t\t\t\t<div class=\"e-con-inner\">\n\t\t\t\t<div class=\"elementor-element elementor-element-0efb549 elementor-widget elementor-widget-text-editor\" data-id=\"0efb549\" data-element_type=\"widget\" data-widget_type=\"text-editor.default\">\n\t\t\t\t\t\t\t\t\t<h2><strong>Informationen zur Verpackungsverordnung<\/strong><\/h2><p>\u00a0<\/p><p><strong>Was gilt bei Serviceverpackungen?<\/strong><\/p><p>Serviceverpackungen sind Einweggeschirr sowie Verpackungen des Handels, der Gastronomie und anderer Dienstleister, die die \u00dcbergabe von Waren an den Endverbraucher erm\u00f6glichen oder unterst\u00fctzen. Beispiele hierf\u00fcr sind Salatschalen, Aluschalen, Pizzakartons etc.<\/p><p>\u00a0<\/p><p><strong>Lizenzierungspflicht<\/strong><\/p><p>Serviceverpackungen sind lizenzierungspflichtig, sobald sie am Verkaufsort (also dem Imbiss, der Pizzeria, der Gastst\u00e4tte etc.) mit Ware bef\u00fcllt und an den Endverbraucher abgegeben werden. Das hei\u00dft, derjenige, der diese Serviceverpackungen mit Ware bef\u00fcllt, muss sich zwingend an einem dualen System beteiligen. Es gibt davon mehrere in Deutschland. Dabei werden alle Serviceverpackungen auf Basis der Materialart und des Einzelgewichts berechnet. Die sich daraus ergebende Entsorgungsgeb\u00fchr wird an eines der dualen Systeme, welches die vorschriftsm\u00e4\u00dfige Entsorgung organisiert, abgef\u00fchrt.\u200b<\/p><p>F\u00fcr Serviceverpackungen besteht die Lizenzierungspflicht also beim Erstbef\u00fcller, d.h. beim Imbiss- oder Pizzeriabetreiber etc.<br \/>Sie m\u00fcssen die Serviceverpackungen daher bei einem dualen System lizenzieren lassen.<\/p><p>Die Verpackungsverordnung gibt Ihnen allerdings die M\u00f6glichkeit, diesen Lizenzierungsprozess an Ihren Lieferanten oder den Hersteller der Verpackung zu \u00fcbertragen.<\/p><p>Wenn Punjabi Foods Trading GmbH die Lizenzierung f\u00fcr Sie \u00fcbernehmen soll, melden Sie sich bitte an der Kasse. Dort erhalten Sie auch das Auftragsformular. Fragen zur Abwicklung beantworten Ihnen gerne unsere die Mitarbeiter.<\/p>\t\t\t\t\t\t\t\t<\/div>\n\t\t\t\t\t<\/div>\n\t\t\t\t<\/div>\n\t\t\t\t<\/div>","protected":false},"excerpt":{"rendered":"<p>Informationen zur Verpackungsverordnung \u00a0 Was gilt bei Serviceverpackungen? Serviceverpackungen sind Einweggeschirr sowie Verpackungen des Handels, der Gastronomie und anderer Dienstleister, die die \u00dcbergabe von Waren an den Endverbraucher erm\u00f6glichen oder unterst\u00fctzen. Beispiele hierf\u00fcr sind Salatschalen, Aluschalen, Pizzakartons etc. \u00a0 Lizenzierungspflicht Serviceverpackungen sind lizenzierungspflichtig, sobald sie am Verkaufsort (also dem Imbiss, der Pizzeria, der Gastst\u00e4tte etc.) [&hellip;]<\/p>","protected":false},"author":1,"featured_media":0,"parent":0,"menu_order":0,"comment_status":"closed","ping_status":"closed","template":"","meta":{"footnotes":""},"class_list":["post-25","page","type-page","status-publish","hentry"],"_links":{"self":[{"href":"https:\/\/punjabi-gmbh.de\/de\/wp-json\/wp\/v2\/pages\/25","targetHints":{"allow":["GET"]}}],"collection":[{"href":"https:\/\/punjabi-gmbh.de\/de\/wp-json\/wp\/v2\/pages"}],"about":[{"href":"https:\/\/punjabi-gmbh.de\/de\/wp-json\/wp\/v2\/types\/page"}],"author":[{"embeddable":true,"href":"https:\/\/punjabi-gmbh.de\/de\/wp-json\/wp\/v2\/users\/1"}],"replies":[{"embeddable":true,"href":"https:\/\/punjabi-gmbh.de\/de\/wp-json\/wp\/v2\/comments?post=25"}],"version-history":[{"count":0,"href":"https:\/\/punjabi-gmbh.de\/de\/wp-json\/wp\/v2\/pages\/25\/revisions"}],"wp:attachment":[{"href":"https:\/\/punjabi-gmbh.de\/de\/wp-json\/wp\/v2\/media?parent=25"}],"curies":[{"name":"wp","href":"https:\/\/api.w.org\/{rel}","templated":true}]}}