{"id":2155,"date":"2024-09-03T14:25:43","date_gmt":"2024-09-03T14:25:43","guid":{"rendered":"https:\/\/punjabi-gmbh.de\/?post_type=product&#038;p=2155"},"modified":"2026-02-16T06:53:33","modified_gmt":"2026-02-16T06:53:33","slug":"lijjat-jeera-cumin-papads-8020x4x-200gr-karton","status":"publish","type":"product","link":"https:\/\/punjabi-gmbh.de\/de\/produkt\/lijjat-jeera-cumin-papads-8020x4x-200gr-karton","title":{"rendered":"Z: Papad-Lijjat Jeera (Cumin) Papads- 80=20x4x 200gr \/Karton"},"content":{"rendered":"<p>Lijjat Jeera Papad besteht aus aromatischem Kreuzk\u00fcmmel und Uradmehl. Sie werden wie die Roti in Kreisform geformt und anschlie\u00dfend in der Sonne getrocknet. Das Jeera Kreuzk\u00fcmmel Papad ist aromatisch und ist ein Grundnahrungsmittel in jedem Haushalt.<\/p>\n<p><strong>Zutaten &amp; Allergene<br \/>\n<\/strong>Urid Linsenmehl, Salz, Kreuzk\u00fcmmel 1,1%, Asafoetida (Gew\u00fcrz), Triebmittel: Natriumbicarbonat,\u00a0Sesam\u00f6l, Gew\u00fcrze<\/p>\n<h6>Das Produktdesign kann von der Abbildung abweichen, wenn der Hersteller das Design \u00e4ndert.<\/h6>","protected":false},"excerpt":{"rendered":"<p>Lijjat Jeera Papad besteht aus aromatischem Kreuzk\u00fcmmel und Uradmehl. Sie werden wie die Roti in Kreisform geformt und anschlie\u00dfend in der Sonne getrocknet. Das Jeera Kreuzk\u00fcmmel Papad ist aromatisch und ist ein Grundnahrungsmittel in jedem Haushalt. Zutaten &amp; Allergene Urid Linsenmehl, Salz, Kreuzk\u00fcmmel 1,1%, Asafoetida (Gew\u00fcrz), Triebmittel: Natriumbicarbonat,\u00a0Sesam\u00f6l, Gew\u00fcrze Das Produktdesign kann von der Abbildung [&hellip;]<\/p>","protected":false},"featured_media":2156,"template":"","meta":[],"product_brand":[],"product_cat":[21,26],"product_tag":[117],"class_list":{"0":"post-2155","1":"product","2":"type-product","3":"status-publish","4":"has-post-thumbnail","6":"product_cat-products","7":"product_cat-flour-semolina-pasta-noodles","8":"product_tag-best-seller","10":"first","11":"instock","12":"featured","13":"shipping-taxable","14":"purchasable","15":"product-type-simple"},"_links":{"self":[{"href":"https:\/\/punjabi-gmbh.de\/de\/wp-json\/wp\/v2\/product\/2155","targetHints":{"allow":["GET"]}}],"collection":[{"href":"https:\/\/punjabi-gmbh.de\/de\/wp-json\/wp\/v2\/product"}],"about":[{"href":"https:\/\/punjabi-gmbh.de\/de\/wp-json\/wp\/v2\/types\/product"}],"wp:featuredmedia":[{"embeddable":true,"href":"https:\/\/punjabi-gmbh.de\/de\/wp-json\/wp\/v2\/media\/2156"}],"wp:attachment":[{"href":"https:\/\/punjabi-gmbh.de\/de\/wp-json\/wp\/v2\/media?parent=2155"}],"wp:term":[{"taxonomy":"product_brand","embeddable":true,"href":"https:\/\/punjabi-gmbh.de\/de\/wp-json\/wp\/v2\/product_brand?post=2155"},{"taxonomy":"product_cat","embeddable":true,"href":"https:\/\/punjabi-gmbh.de\/de\/wp-json\/wp\/v2\/product_cat?post=2155"},{"taxonomy":"product_tag","embeddable":true,"href":"https:\/\/punjabi-gmbh.de\/de\/wp-json\/wp\/v2\/product_tag?post=2155"}],"curies":[{"name":"wp","href":"https:\/\/api.w.org\/{rel}","templated":true}]}}