{"id":2517,"date":"2025-03-12T17:14:31","date_gmt":"2025-03-12T17:14:31","guid":{"rendered":"https:\/\/punjabi-gmbh.de\/?post_type=product&#038;p=2517"},"modified":"2025-11-30T16:23:03","modified_gmt":"2025-11-30T16:23:03","slug":"indian-sula-red-wine-07l-fl","status":"publish","type":"product","link":"https:\/\/punjabi-gmbh.de\/de\/produkt\/indian-sula-red-wine-07l-fl","title":{"rendered":"Indian-Sula Red Wine  0,7l Fl"},"content":{"rendered":"<div class=\"accordion__content rte\">\n<div id=\"featurebullets_feature_div\" class=\"celwidget\" data-feature-name=\"featurebullets\" data-csa-c-type=\"widget\" data-csa-c-content-id=\"featurebullets\" data-csa-c-slot-id=\"featurebullets_feature_div\" data-csa-c-asin=\"B08125D1QG\" data-csa-c-is-in-initial-active-row=\"false\" data-csa-c-id=\"dmiot7-vxykvt-h9x6o6-qpxg9x\" data-cel-widget=\"featurebullets_feature_div\">\n<div id=\"feature-bullets\" class=\"a-section a-spacing-medium a-spacing-top-small\">\n<h2 class=\"a-size-base-plus a-text-bold\">About this item<\/h2>\n<ul class=\"a-unordered-list a-vertical a-spacing-mini\">\n<li class=\"a-spacing-mini\"><span class=\"a-list-item\">Joe Fattorinis Verkostungsnotiz: Dieser Wein zeigt den Ehrgeiz eines Produzenten wie Sula, der einen konzentrierteren Shiraz-Stil herstellt, ihn in Eichenf\u00e4ssern reifen l\u00e4sst und auf Tiefe und Komplexit\u00e4t aus ist. Und das gelingt ihm. Kombinieren Sie ihn am besten mit reichhaltigeren, gehaltvolleren Gerichten und vielleicht Gerichten mit weniger Gew\u00fcrzen. Er passt eher zu Gegrilltem, Tandoori-Lamm oder sogar K\u00e4se.\\<\/span><\/li>\n<li class=\"a-spacing-mini\"><span class=\"a-list-item\">Sula Vineyards steht an der Spitze der indischen Weinrevolution<\/span><\/li>\n<li class=\"a-spacing-mini\"><span class=\"a-list-item\">Sula Vineyards liegt in Nashik, Indiens gr\u00f6\u00dftem Weinanbaugebiet, und wurde 1997 von Rajeev Samant und Kerry Damsky gegr\u00fcndet.<\/span><\/li>\n<li class=\"a-spacing-mini\"><span class=\"a-list-item\">Dindori Reserve Viognier wird auf dem charakteristischen roten Boden unseres Dindori-Anwesens angebaut und ist ein exotisches Elixier mit Pfirsich- und Litschi-Aromen. Blumig, w\u00fcrzig, atemberaubend<\/span><\/li>\n<li class=\"a-spacing-mini\"><span class=\"a-list-item\">Gut gek\u00fchlt servieren, 8 10\u00b0C<\/span><\/li>\n<\/ul>\n<div id=\"product-details-jumplink\" class=\"a-section\"><\/div>\n<\/div>\n<\/div>\n<div id=\"brandSnapshot_feature_div\" class=\"celwidget\" data-feature-name=\"brandSnapshot_desktop\" data-csa-c-type=\"widget\" data-csa-c-content-id=\"brandSnapshot_desktop\" data-csa-c-slot-id=\"brandSnapshot_feature_div\" data-csa-c-asin=\"B08125D1QG\" data-csa-c-is-in-initial-active-row=\"false\" data-csa-c-id=\"dnkli6-sljbzi-r1ok9c-bfh21t\" data-cel-widget=\"brandSnapshot_feature_div\"><\/div>\n<div id=\"provenanceCertifications_feature_div\" class=\"celwidget\" data-feature-name=\"provenanceCertifications\" data-csa-c-type=\"widget\" data-csa-c-content-id=\"provenanceCertifications\" data-csa-c-slot-id=\"provenanceCertifications_feature_div\" data-csa-c-asin=\"B08125D1QG\" data-csa-c-is-in-initial-active-row=\"false\" data-csa-c-id=\"19cd5n-4zncsn-paq44k-b89w70\" data-cel-widget=\"provenanceCertifications_feature_div\"><\/div>\n<div id=\"handmadeArtisanCard_feature_div\" class=\"celwidget\" data-feature-name=\"handmadeArtisanCard\" data-csa-c-type=\"widget\" data-csa-c-content-id=\"handmadeArtisanCard\" data-csa-c-slot-id=\"handmadeArtisanCard_feature_div\" data-csa-c-asin=\"B08125D1QG\" data-csa-c-is-in-initial-active-row=\"false\" data-csa-c-id=\"uksr3u-1trsse-lhnoel-rt6y7\" data-cel-widget=\"handmadeArtisanCard_feature_div\"><\/div>\n<div id=\"globalStoreInfoBullets_feature_div\" class=\"celwidget\" data-feature-name=\"globalStoreInfoBullets\" data-csa-c-type=\"widget\" data-csa-c-content-id=\"globalStoreInfoBullets\" data-csa-c-slot-id=\"globalStoreInfoBullets_feature_div\" data-csa-c-asin=\"B08125D1QG\" data-csa-c-is-in-initial-active-row=\"false\" data-csa-c-id=\"ut6kw1-sgxfqi-4qt232-7tja5k\" data-cel-widget=\"globalStoreInfoBullets_feature_div\"><\/div>\n<div id=\"addOnItem_feature_div\" class=\"celwidget\" data-feature-name=\"addOnItem\" data-csa-c-type=\"widget\" data-csa-c-content-id=\"addOnItem\" data-csa-c-slot-id=\"addOnItem_feature_div\" data-csa-c-asin=\"B08125D1QG\" data-csa-c-is-in-initial-active-row=\"false\" data-csa-c-id=\"s3rkr4-90dtis-leycj3-8rsis\" data-cel-widget=\"addOnItem_feature_div\"><\/div>\n<div id=\"andonCord_feature_div\" class=\"celwidget\" data-feature-name=\"andonCord\" data-csa-c-type=\"widget\" data-csa-c-content-id=\"andonCord\" data-csa-c-slot-id=\"andonCord_feature_div\" data-csa-c-asin=\"B08125D1QG\" data-csa-c-is-in-initial-active-row=\"false\" data-csa-c-id=\"dqcxkp-yixj17-t5b0w9-rkgv11\" data-cel-widget=\"andonCord_feature_div\"><\/div>\n<div id=\"ageWarning_feature_div\" class=\"celwidget\" data-feature-name=\"ageWarning\" data-csa-c-type=\"widget\" data-csa-c-content-id=\"ageWarning\" data-csa-c-slot-id=\"ageWarning_feature_div\" data-csa-c-asin=\"B08125D1QG\" data-csa-c-is-in-initial-active-row=\"false\" data-csa-c-id=\"9349jr-abbavh-1cklj3-xphv80\" data-cel-widget=\"ageWarning_feature_div\">\n<div class=\"a-row\">\n<div class=\"a-section buying\">\n<table class=\"a-normal\">\n<tbody>\n<tr>\n<td class=\"warningAlertImageColumn\"><\/td>\n<td>This product contains alcohol and is not for sale to people under the minimum drinking age. By continuing with this order, you confirm that you are legally allowed to purchase this item and that you are at least of the minimum drinking age. Please handle this item responsibly. Further info can be found at kenn-dein-limit.info.\u00a0<a href=\"https:\/\/www.amazon.de\/-\/en\/gp\/help\/customer\/display.html?ie=UTF8&amp;nodeId=200478050&amp;pop-up=1\" target=\"AmazonHelp\">See Details<\/a><\/td>\n<\/tr>\n<\/tbody>\n<\/table>\n<\/div>\n<\/div>\n<\/div>\n<\/div>\n<div><\/div>","protected":false},"excerpt":{"rendered":"<p>About this item Joe Fattorinis Verkostungsnotiz: Dieser Wein zeigt den Ehrgeiz eines Produzenten wie Sula, der einen konzentrierteren Shiraz-Stil herstellt, ihn in Eichenf\u00e4ssern reifen l\u00e4sst und auf Tiefe und Komplexit\u00e4t aus ist. Und das gelingt ihm. Kombinieren Sie ihn am besten mit reichhaltigeren, gehaltvolleren Gerichten und vielleicht Gerichten mit weniger Gew\u00fcrzen. Er passt eher zu [&hellip;]<\/p>","protected":false},"featured_media":2518,"template":"","meta":[],"product_brand":[],"product_cat":[25],"product_tag":[],"class_list":{"0":"post-2517","1":"product","2":"type-product","3":"status-publish","4":"has-post-thumbnail","6":"product_cat-alcoholic-beverages","8":"first","9":"instock","10":"shipping-taxable","11":"purchasable","12":"product-type-simple"},"_links":{"self":[{"href":"https:\/\/punjabi-gmbh.de\/de\/wp-json\/wp\/v2\/product\/2517","targetHints":{"allow":["GET"]}}],"collection":[{"href":"https:\/\/punjabi-gmbh.de\/de\/wp-json\/wp\/v2\/product"}],"about":[{"href":"https:\/\/punjabi-gmbh.de\/de\/wp-json\/wp\/v2\/types\/product"}],"wp:featuredmedia":[{"embeddable":true,"href":"https:\/\/punjabi-gmbh.de\/de\/wp-json\/wp\/v2\/media\/2518"}],"wp:attachment":[{"href":"https:\/\/punjabi-gmbh.de\/de\/wp-json\/wp\/v2\/media?parent=2517"}],"wp:term":[{"taxonomy":"product_brand","embeddable":true,"href":"https:\/\/punjabi-gmbh.de\/de\/wp-json\/wp\/v2\/product_brand?post=2517"},{"taxonomy":"product_cat","embeddable":true,"href":"https:\/\/punjabi-gmbh.de\/de\/wp-json\/wp\/v2\/product_cat?post=2517"},{"taxonomy":"product_tag","embeddable":true,"href":"https:\/\/punjabi-gmbh.de\/de\/wp-json\/wp\/v2\/product_tag?post=2517"}],"curies":[{"name":"wp","href":"https:\/\/api.w.org\/{rel}","templated":true}]}}