{"id":2522,"date":"2025-03-12T18:02:01","date_gmt":"2025-03-12T18:02:01","guid":{"rendered":"https:\/\/punjabi-gmbh.de\/?post_type=product&#038;p=2522"},"modified":"2026-04-01T11:52:13","modified_gmt":"2026-04-01T11:52:13","slug":"x-berchtesgadener-land-5-kg-ei-naturjoghurt-35-cremig-art-nr-3893","status":"publish","type":"product","link":"https:\/\/punjabi-gmbh.de\/de\/produkt\/x-berchtesgadener-land-5-kg-ei-naturjoghurt-35-cremig-art-nr-3893","title":{"rendered":"Z: Joghurt 3,5% cremig  5 kg Ei. (B.GADENER)"},"content":{"rendered":"<p>VKE: 1 Eimer<br \/>\n5 kg Ei. Naturjoghurt 3,5% cremig ger\u00fchrt BERCHTESGADENER LAND<br \/>\nCremig ger\u00fchrt, 3,5% Fett, mit wertvollen Milchs\u00e4ure-kulturen f\u00fcr einen hohen Anteil an L (+) = rechtsdrehende Milchs\u00e4ure, ohne Gelatine und Konservierungsstoffe.<br \/>\nNaturjoghurt cremig ger\u00fchrt<br \/>\n3,5% Fett<br \/>\nBERCHTESGADENE LAND<br \/>\n5 kg Eimer<\/p>","protected":false},"excerpt":{"rendered":"<p>VKE: 1 Eimer 5 kg Ei. Naturjoghurt 3,5% cremig ger\u00fchrt BERCHTESGADENER LAND Cremig ger\u00fchrt, 3,5% Fett, mit wertvollen Milchs\u00e4ure-kulturen f\u00fcr einen hohen Anteil an L (+) = rechtsdrehende Milchs\u00e4ure, ohne Gelatine und Konservierungsstoffe. Naturjoghurt cremig ger\u00fchrt 3,5% Fett BERCHTESGADENE LAND 5 kg Eimer<\/p>","protected":false},"featured_media":2523,"template":"","meta":[],"product_brand":[],"product_cat":[34],"product_tag":[117],"class_list":{"0":"post-2522","1":"product","2":"type-product","3":"status-publish","4":"has-post-thumbnail","6":"product_cat-milk-products","7":"product_tag-best-seller","9":"first","10":"instock","11":"shipping-taxable","12":"purchasable","13":"product-type-simple"},"_links":{"self":[{"href":"https:\/\/punjabi-gmbh.de\/de\/wp-json\/wp\/v2\/product\/2522","targetHints":{"allow":["GET"]}}],"collection":[{"href":"https:\/\/punjabi-gmbh.de\/de\/wp-json\/wp\/v2\/product"}],"about":[{"href":"https:\/\/punjabi-gmbh.de\/de\/wp-json\/wp\/v2\/types\/product"}],"wp:featuredmedia":[{"embeddable":true,"href":"https:\/\/punjabi-gmbh.de\/de\/wp-json\/wp\/v2\/media\/2523"}],"wp:attachment":[{"href":"https:\/\/punjabi-gmbh.de\/de\/wp-json\/wp\/v2\/media?parent=2522"}],"wp:term":[{"taxonomy":"product_brand","embeddable":true,"href":"https:\/\/punjabi-gmbh.de\/de\/wp-json\/wp\/v2\/product_brand?post=2522"},{"taxonomy":"product_cat","embeddable":true,"href":"https:\/\/punjabi-gmbh.de\/de\/wp-json\/wp\/v2\/product_cat?post=2522"},{"taxonomy":"product_tag","embeddable":true,"href":"https:\/\/punjabi-gmbh.de\/de\/wp-json\/wp\/v2\/product_tag?post=2522"}],"curies":[{"name":"wp","href":"https:\/\/api.w.org\/{rel}","templated":true}]}}